{"id":38846,"date":"2025-01-30T11:56:21","date_gmt":"2025-01-30T09:56:21","guid":{"rendered":"https:\/\/www.mesutronic.de\/exposition-virtuelle\/"},"modified":"2025-01-30T12:00:10","modified_gmt":"2025-01-30T10:00:10","slug":"exposition-virtuelle","status":"publish","type":"page","link":"https:\/\/www.mesutronic.de\/fr\/exposition-virtuelle\/","title":{"rendered":"Exposition virtuelle"},"content":{"rendered":"\n<style type=\"text\/css\" data-created_by=\"avia_inline_auto\" id=\"style-css-av-lkicz36v-aba6fd203e8dc9a9913f93522bdd681a\">\n.avia-section.av-lkicz36v-aba6fd203e8dc9a9913f93522bdd681a{\nbackground-repeat:no-repeat;\nbackground-image:url(https:\/\/www.mesutronic.de\/wp-content\/uploads\/2023\/08\/mesutronic_gebaude_neu_02.jpg);\nbackground-position:50% 100%;\nbackground-attachment:scroll;\n}\n<\/style>\n<div id='av_section_1'  class='avia-section av-lkicz36v-aba6fd203e8dc9a9913f93522bdd681a main_color avia-section-huge avia-no-border-styling  avia-builder-el-0  el_before_av_section  avia-builder-el-first  with-mask overlay avia-bg-style-scroll container_wrap fullsize'  data-section-bg-repeat='no-repeat'><div class='container av-section-cont-open' ><main  role=\"main\" itemprop=\"mainContentOfPage\"  class='template-page content  av-content-full alpha units'><div class='post-entry post-entry-type-page post-entry-38846'><div class='entry-content-wrapper clearfix'>\n\n<style type=\"text\/css\" data-created_by=\"avia_inline_auto\" id=\"style-css-av-u868xr-787a32255de75a3e7044dbcf4bb87949\">\n#top .flex_column.av-u868xr-787a32255de75a3e7044dbcf4bb87949{\nmargin-top:100px;\nmargin-bottom:100px;\n}\n.responsive #top #wrap_all .flex_column.av-u868xr-787a32255de75a3e7044dbcf4bb87949{\nmargin-top:100px;\nmargin-bottom:100px;\n}\n<\/style>\n<div  class='flex_column av-u868xr-787a32255de75a3e7044dbcf4bb87949 av_two_third  avia-builder-el-1  avia-builder-el-no-sibling  first flex_column_div  '     ><style type=\"text\/css\" data-created_by=\"avia_inline_auto\" id=\"style-css-av-lkicyldw-764c6cf83365b08f779d50c9cac2f958\">\n#top .av_textblock_section.av-lkicyldw-764c6cf83365b08f779d50c9cac2f958 .avia_textblock{\ncolor:#ffffff;\n}\n<\/style>\n<section  class='av_textblock_section av-lkicyldw-764c6cf83365b08f779d50c9cac2f958 '   itemscope=\"itemscope\" itemtype=\"https:\/\/schema.org\/CreativeWork\" ><div class='avia_textblock av_inherit_color'  itemprop=\"text\" ><h1>Entreprise<\/h1>\n<\/div><\/section><\/div>\n\n<\/div><\/div><\/main><!-- close content main element --><\/div><\/div><div id='av_section_2'  class='avia-section av-1lu1527-b4f4810b5bc9b424d07b1b77cf7bbc95 main_color avia-section-default avia-no-border-styling  avia-builder-el-3  el_after_av_section  avia-builder-el-last  avia-bg-style-scroll container_wrap fullsize'  ><div class='container av-section-cont-open' ><div class='template-page content  av-content-full alpha units'><div class='post-entry post-entry-type-page post-entry-38846'><div class='entry-content-wrapper clearfix'>\n<div  class='flex_column av-3zfm7z-6a8aa2cd1d6fbf51b4926504c398f21c av_one_full  avia-builder-el-4  el_before_av_one_full  avia-builder-el-first  first flex_column_div  '     ><style type=\"text\/css\" data-created_by=\"avia_inline_auto\" id=\"style-css-av-lkid6q2e-57c76cffe2ae1103ec22149cfcf91899\">\n#top .av-special-heading.av-lkid6q2e-57c76cffe2ae1103ec22149cfcf91899{\npadding-bottom:10px;\n}\nbody .av-special-heading.av-lkid6q2e-57c76cffe2ae1103ec22149cfcf91899 .av-special-heading-tag .heading-char{\nfont-size:25px;\n}\n.av-special-heading.av-lkid6q2e-57c76cffe2ae1103ec22149cfcf91899 .av-subheading{\nfont-size:15px;\n}\n<\/style>\n<div  class='av-special-heading av-lkid6q2e-57c76cffe2ae1103ec22149cfcf91899 av-special-heading-h1 blockquote modern-quote  avia-builder-el-5  avia-builder-el-no-sibling '><div class='av-subheading av-subheading_above'><p>Mesutronic<\/p>\n<\/div><h1 class='av-special-heading-tag '  itemprop=\"headline\"  >Exposition virtuelle<\/h1><div class=\"special-heading-border\"><div class=\"special-heading-inner-border\"><\/div><\/div><\/div><\/div><div  class='flex_column av-182k7fj-95ecad20fd16d13da8fafbf57a998782 av_one_full  avia-builder-el-6  el_after_av_one_full  el_before_av_one_full  first flex_column_div av-animated-generic fade-in-up  column-top-margin'     ><section  class='av_textblock_section av-2wuq7z-12c4964d7550a5642c9ff70fa9ea267c '   itemscope=\"itemscope\" itemtype=\"https:\/\/schema.org\/CreativeWork\" ><div class='avia_textblock'  itemprop=\"text\" ><p><strong>Bienvenue dans notre exposition virtuelle. Certains de nos produits et services phares sont pr\u00e9sent\u00e9s ici. Sur demande, notre service commercial se fera un plaisir de vous proposer une visite virtuelle guid\u00e9e.<\/strong><\/p>\n<\/div><\/section><\/div>\n<style type=\"text\/css\" data-created_by=\"avia_inline_auto\" id=\"style-css-av-uyo1cv-387d25b37a77f3a7168840345ae4b3f9\">\n.avia_transform .flex_column.av-uyo1cv-387d25b37a77f3a7168840345ae4b3f9{\nanimation-duration:1.5s;\n}\n<\/style>\n<div  class='flex_column av-uyo1cv-387d25b37a77f3a7168840345ae4b3f9 av_one_full  avia-builder-el-8  el_after_av_one_full  avia-builder-el-last  first flex_column_div av-animated-generic fade-in-up  column-top-margin'     ><\/div>\n","protected":false},"excerpt":{"rendered":"","protected":false},"author":15,"featured_media":0,"parent":0,"menu_order":0,"comment_status":"closed","ping_status":"closed","template":"","meta":{"footnotes":""},"class_list":["post-38846","page","type-page","status-publish","hentry"],"_links":{"self":[{"href":"https:\/\/www.mesutronic.de\/fr\/wp-json\/wp\/v2\/pages\/38846","targetHints":{"allow":["GET"]}}],"collection":[{"href":"https:\/\/www.mesutronic.de\/fr\/wp-json\/wp\/v2\/pages"}],"about":[{"href":"https:\/\/www.mesutronic.de\/fr\/wp-json\/wp\/v2\/types\/page"}],"author":[{"embeddable":true,"href":"https:\/\/www.mesutronic.de\/fr\/wp-json\/wp\/v2\/users\/15"}],"replies":[{"embeddable":true,"href":"https:\/\/www.mesutronic.de\/fr\/wp-json\/wp\/v2\/comments?post=38846"}],"version-history":[{"count":0,"href":"https:\/\/www.mesutronic.de\/fr\/wp-json\/wp\/v2\/pages\/38846\/revisions"}],"wp:attachment":[{"href":"https:\/\/www.mesutronic.de\/fr\/wp-json\/wp\/v2\/media?parent=38846"}],"curies":[{"name":"wp","href":"https:\/\/api.w.org\/{rel}","templated":true}]}}