{"id":38669,"date":"2025-01-23T17:40:21","date_gmt":"2025-01-23T15:40:21","guid":{"rendered":"https:\/\/www.mesutronic.de\/pharmaceutique\/"},"modified":"2025-01-30T10:03:14","modified_gmt":"2025-01-30T08:03:14","slug":"pharmaceutique","status":"publish","type":"page","link":"https:\/\/www.mesutronic.de\/fr\/produits\/pharmaceutique\/","title":{"rendered":"Pharmaceutique"},"content":{"rendered":"\n<style type=\"text\/css\" data-created_by=\"avia_inline_auto\" id=\"style-css-av-ljzmjhw5-7435a868beb2000532434cb059d6f476\">\n.avia-section.av-ljzmjhw5-7435a868beb2000532434cb059d6f476{\nbackground-repeat:no-repeat;\nbackground-image:url(https:\/\/www.mesutronic.de\/wp-content\/uploads\/2023\/07\/pharmazie-1-1.jpg);\nbackground-position:0% 0%;\nbackground-attachment:scroll;\n}\n<\/style>\n<div id='av_section_1'  class='avia-section av-ljzmjhw5-7435a868beb2000532434cb059d6f476 main_color avia-section-huge avia-no-border-styling  avia-builder-el-0  el_before_av_section  avia-builder-el-first  with-mask overlay avia-bg-style-scroll container_wrap fullsize'  data-section-bg-repeat='no-repeat'><div class='container av-section-cont-open' ><main  role=\"main\" itemprop=\"mainContentOfPage\"  class='template-page content  av-content-full alpha units'><div class='post-entry post-entry-type-page post-entry-38669'><div class='entry-content-wrapper clearfix'>\n\n<style type=\"text\/css\" data-created_by=\"avia_inline_auto\" id=\"style-css-av-wjgqr3-cda23ba0b0d67cdc88c3e6d4fa35d704\">\n#top .flex_column.av-wjgqr3-cda23ba0b0d67cdc88c3e6d4fa35d704{\nmargin-top:100px;\nmargin-bottom:100px;\n}\n.avia_transform .flex_column.av-wjgqr3-cda23ba0b0d67cdc88c3e6d4fa35d704{\nanimation-duration:1.5s;\n}\n.responsive #top #wrap_all .flex_column.av-wjgqr3-cda23ba0b0d67cdc88c3e6d4fa35d704{\nmargin-top:100px;\nmargin-bottom:100px;\n}\n<\/style>\n<div  class='flex_column av-wjgqr3-cda23ba0b0d67cdc88c3e6d4fa35d704 av_two_third  avia-builder-el-1  avia-builder-el-no-sibling  first flex_column_div av-animated-generic fade-in-left  '     ><style type=\"text\/css\" data-created_by=\"avia_inline_auto\" id=\"style-css-av-ljzmj994-edd8f3dde8d152999fa4e86d50d29dc8\">\n#top .av_textblock_section.av-ljzmj994-edd8f3dde8d152999fa4e86d50d29dc8 .avia_textblock{\ncolor:#ffffff;\n}\n<\/style>\n<section  class='av_textblock_section av-ljzmj994-edd8f3dde8d152999fa4e86d50d29dc8 '   itemscope=\"itemscope\" itemtype=\"https:\/\/schema.org\/CreativeWork\" ><div class='avia_textblock av_inherit_color'  itemprop=\"text\" ><h2>Produits et solutions<\/h2>\n<p>Appareils et syst\u00e8mes<\/p>\n<\/div><\/section><\/div>\n\n<\/div><\/div><\/main><!-- close content main element --><\/div><\/div><div id='av_section_2'  class='avia-section av-2l0g7qk-3b793cf759b8e520b6d920388cc81740 main_color avia-section-default avia-no-border-styling  avia-builder-el-3  el_after_av_section  el_before_av_section  avia-bg-style-scroll container_wrap fullsize'  ><div class='container av-section-cont-open' ><div class='template-page content  av-content-full alpha units'><div class='post-entry post-entry-type-page post-entry-38669'><div class='entry-content-wrapper clearfix'>\n<div  class='flex_column av-1xcy2cs-4e06d82b3989cfb0ba9970881ddf08dd av_one_full  avia-builder-el-4  el_before_av_one_half  avia-builder-el-first  first flex_column_div  '     ><style type=\"text\/css\" data-created_by=\"avia_inline_auto\" id=\"style-css-av-lj2y0y4a-8b167f053c0cc42f27db36b08000167c\">\n#top .av-special-heading.av-lj2y0y4a-8b167f053c0cc42f27db36b08000167c{\npadding-bottom:10px;\n}\nbody .av-special-heading.av-lj2y0y4a-8b167f053c0cc42f27db36b08000167c .av-special-heading-tag .heading-char{\nfont-size:25px;\n}\n.av-special-heading.av-lj2y0y4a-8b167f053c0cc42f27db36b08000167c .av-subheading{\nfont-size:15px;\n}\n<\/style>\n<div  class='av-special-heading av-lj2y0y4a-8b167f053c0cc42f27db36b08000167c av-special-heading-h2 blockquote modern-quote  avia-builder-el-5  avia-builder-el-no-sibling '><div class='av-subheading av-subheading_above'><p>Mesutronic<\/p>\n<\/div><h2 class='av-special-heading-tag '  itemprop=\"headline\"  >Pharmaceutique<\/h2><div class=\"special-heading-border\"><div class=\"special-heading-inner-border\"><\/div><\/div><\/div><\/div>\n<style type=\"text\/css\" data-created_by=\"avia_inline_auto\" id=\"style-css-av-6itle4-6abcf3f792fbb62c330855ceee94999e\">\n.avia_transform .flex_column.av-6itle4-6abcf3f792fbb62c330855ceee94999e{\nanimation-duration:1.5s;\n}\n<\/style>\n<div  class='flex_column av-6itle4-6abcf3f792fbb62c330855ceee94999e av_one_half  avia-builder-el-6  el_after_av_one_full  el_before_av_one_half  first flex_column_div av-animated-generic fade-in-left  column-top-margin'     ><section  class='av_textblock_section av-lj2y13a8-27f3906813888e109a8179114fb12fbd '   itemscope=\"itemscope\" itemtype=\"https:\/\/schema.org\/CreativeWork\" ><div class='avia_textblock'  itemprop=\"text\" ><p>L&rsquo;accent des d\u00e9tecteurs de m\u00e9taux et des syst\u00e8mes d&rsquo;inspection par rayons X lors de l&rsquo;examen des comprim\u00e9s ou des poudres est mis sur le contr\u00f4le de sortie des marchandises. Les corps \u00e9trangers tels que le fil d&rsquo;acier inoxydable dans une capsule doivent \u00eatre \u00e9limin\u00e9s de mani\u00e8re fiable.<\/p>\n<\/div><\/section><\/div>\n<style type=\"text\/css\" data-created_by=\"avia_inline_auto\" id=\"style-css-av-19wcjl8-44f5fc7bb0e0a1e87ddef2b32adde095\">\n.avia_transform .flex_column.av-19wcjl8-44f5fc7bb0e0a1e87ddef2b32adde095{\nanimation-duration:1.5s;\n}\n<\/style>\n<div  class='flex_column av-19wcjl8-44f5fc7bb0e0a1e87ddef2b32adde095 av_one_half  avia-builder-el-8  el_after_av_one_half  avia-builder-el-last  flex_column_div av-animated-generic fade-in-right  column-top-margin'     ><section  class='av_textblock_section av-thftos-648bcefe9094f355403f33126c2328f9 '   itemscope=\"itemscope\" itemtype=\"https:\/\/schema.org\/CreativeWork\" ><div class='avia_textblock'  itemprop=\"text\" ><p>Syst\u00e8mes de contr\u00f4le des corps \u00e9trangers pour les produits pharmaceutiques sont un moyen indispensable de respecter des directives de qualit\u00e9 strictes. Dans la r\u00e9ception des marchandises et la production, ils r\u00e9duisent les co\u00fbts et augmentent la s\u00e9curit\u00e9 du processus ; par exemple, en examinant les mati\u00e8res premi\u00e8res telles que la poudre.<\/p>\n<\/div><\/section><\/div><\/div><\/div><\/div><!-- close content main div --><\/div><\/div><div id='av_section_3'  class='avia-section av-1nz9018-bccfb9fc3c22402205fc7b0205e333d9 main_color avia-section-default avia-no-border-styling  avia-builder-el-10  el_after_av_section  el_before_av_section  avia-bg-style-scroll container_wrap fullsize'  ><div class='container av-section-cont-open' ><div class='template-page content  av-content-full alpha units'><div class='post-entry post-entry-type-page post-entry-38669'><div class='entry-content-wrapper clearfix'>\n\n<style type=\"text\/css\" data-created_by=\"avia_inline_auto\" id=\"style-css-av-2mfky4-c750832c9c382d17723b6cd73f14069c\">\n.avia_transform .flex_column.av-2mfky4-c750832c9c382d17723b6cd73f14069c{\nanimation-duration:1.5s;\n}\n<\/style>\n<div  class='flex_column av-2mfky4-c750832c9c382d17723b6cd73f14069c av_one_full  avia-builder-el-11  avia-builder-el-no-sibling  first flex_column_div av-animated-generic fade-in-left  '     ><div class=\"luk-slider home-style\" id=\"av-lj2y2pex\">\n                        <div class=\"swiper\">\n                            <div class=\"swiper-wrapper\">\n                                <div class=\"swiper-slide\" >\n                                    <article class=\"post-item\"  itemscope=\"itemscope\" itemtype=\"https:\/\/schema.org\/CreativeWork\"  >\n                                        <a title=\"PHARMATRON 07 HQ\" class=\"item\" href=\"https:\/\/www.mesutronic.de\/fr\/portfolio-item\/pharmatron-07-hq-pharm\/\">\n                                            <div class=\"item-image\" style=\"background-image: url(https:\/\/www.mesutronic.de\/wp-content\/uploads\/2023\/07\/pharmatron-07-hq-h-1.jpg)\">\n                                                <img decoding=\"async\" loading=\"lazy\" width=\"1333\" height=\"750\" src=\"https:\/\/www.mesutronic.de\/wp-content\/uploads\/2023\/07\/pharmatron-07-hq-h-1.jpg\" class=\"wp-image-13034 avia-img-lazy-loading-13034 attachment-post-thumbnail size-post-thumbnail wp-post-image\" alt=\"PHARMATRON 07 HQ\" srcset=\"https:\/\/www.mesutronic.de\/wp-content\/uploads\/2023\/07\/pharmatron-07-hq-h-1.jpg 1333w, https:\/\/www.mesutronic.de\/wp-content\/uploads\/2023\/07\/pharmatron-07-hq-h-1-300x169.jpg 300w, https:\/\/www.mesutronic.de\/wp-content\/uploads\/2023\/07\/pharmatron-07-hq-h-1-1030x580.jpg 1030w, https:\/\/www.mesutronic.de\/wp-content\/uploads\/2023\/07\/pharmatron-07-hq-h-1-768x432.jpg 768w, https:\/\/www.mesutronic.de\/wp-content\/uploads\/2023\/07\/pharmatron-07-hq-h-1-705x397.jpg 705w\" sizes=\"auto, (max-width: 1333px) 100vw, 1333px\" \/>\n                                            <\/div>\n                                            <div class=\"item-content\">\n                                                <div class=\"item-title\">\n                                                    <h3  itemprop=\"headline\" >PHARMATRON 07 HQ<\/h3>\n                                                <\/div>\n                                                <div class=\"item-description\"  itemprop=\"text\" ><p>S\u00e9parateur de m\u00e9taux haut de gamme pour montage sur des presses \u00e0 comprim\u00e9s ou des d\u00e9poussi\u00e9reurs<\/p><\/div>\n                                            <\/div>\n                                        <\/a>\n                                    <\/article>\n                                <\/div><div class=\"swiper-slide\" >\n                                    <article class=\"post-item\"  itemscope=\"itemscope\" itemtype=\"https:\/\/schema.org\/CreativeWork\"  >\n                                        <a title=\"QUICKTRON 07 RH\" class=\"item\" href=\"https:\/\/www.mesutronic.de\/fr\/portfolio-item\/quicktron-07-rh-pharm\/\">\n                                            <div class=\"item-image\" style=\"background-image: url(https:\/\/www.mesutronic.de\/wp-content\/uploads\/2023\/07\/quicktron-07-rh-0.png)\">\n                                                <img decoding=\"async\" loading=\"lazy\" width=\"1333\" height=\"750\" src=\"https:\/\/www.mesutronic.de\/wp-content\/uploads\/2023\/07\/quicktron-07-rh-0.png\" class=\"wp-image-13771 avia-img-lazy-loading-13771 attachment-post-thumbnail size-post-thumbnail wp-post-image\" alt=\"QUICKTRON 07 RH\" srcset=\"https:\/\/www.mesutronic.de\/wp-content\/uploads\/2023\/07\/quicktron-07-rh-0.png 1333w, https:\/\/www.mesutronic.de\/wp-content\/uploads\/2023\/07\/quicktron-07-rh-0-300x169.png 300w, https:\/\/www.mesutronic.de\/wp-content\/uploads\/2023\/07\/quicktron-07-rh-0-1030x580.png 1030w, https:\/\/www.mesutronic.de\/wp-content\/uploads\/2023\/07\/quicktron-07-rh-0-768x432.png 768w, https:\/\/www.mesutronic.de\/wp-content\/uploads\/2023\/07\/quicktron-07-rh-0-705x397.png 705w\" sizes=\"auto, (max-width: 1333px) 100vw, 1333px\" \/>\n                                            <\/div>\n                                            <div class=\"item-content\">\n                                                <div class=\"item-title\">\n                                                    <h3  itemprop=\"headline\" >QUICKTRON 07 RH<\/h3>\n                                                <\/div>\n                                                <div class=\"item-description\"  itemprop=\"text\" ><p>S\u00e9parateur de m\u00e9taux haut de gamme pour l\u2019analyse de produits en vrac en chute libre<\/p><\/div>\n                                            <\/div>\n                                        <\/a>\n                                    <\/article>\n                                <\/div>\n                            <\/div>\n                        <\/div>\n                        <div class=\"swiper-button swiper-button-prev\"><\/div>\n                        <div class=\"swiper-button swiper-button-next\"><\/div>\n                    <\/div><\/div>\n<\/p>\n<div id='av_section_4'  class='avia-section av-pbgqek-6628b4efbfc26917eb1a5122f2f809d7 main_color avia-section-default avia-no-border-styling  avia-builder-el-0  el_before_av_section  avia-builder-el-first  avia-bg-style-scroll container_wrap fullsize'  ><div class='container av-section-cont-open' ><main  role=\"main\" itemprop=\"mainContentOfPage\"  class='template-page content  av-content-full alpha units'><div class='post-entry post-entry-type-page post-entry-38669'><div class='entry-content-wrapper clearfix'>\n<div  class='flex_column av-lj3y7wql-c69a0532643be6855bb4703284eb9d8b av_one_full first flex_column_div  '     ><div class=\"luk-iconbox product-style\" id=\"av-lj3y7rtn\">\n                        <div class=\"product-icons\">\n                            <div class=\"icons-wrapper\">\n                                \n<div class=\"swiper-slide to-animation\" id=\"av-lj3y6xpd\">\n                        <article class=\"iconbox \">\n                            <div class=\"iconbox-image\">\n                                <img src='https:\/\/www.mesutronic.de\/wp-content\/uploads\/2021\/09\/einfach.svg' alt='' title='einfach'   itemprop=\"image\" itemscope=\"itemscope\" itemtype=\"https:\/\/schema.org\/ImageObject\"  \/>\n                            <\/div>\n                            <div class=\"iconbox-content\">\n                                <div class=\"iconbox-title\">\n                                    <h3>simple<\/h3>\n                                <\/div>\n                                <div class=\"iconbox-description\">\n                                    \nlors de l&rsquo;installation et de l&rsquo;utilisation<br \/>\n\n                                <\/div>\n                            <\/div>\n                        <\/article>\n                    <\/div>\n<div class=\"swiper-slide to-animation\" id=\"av-lj3y6xpd-3\">\n                        <article class=\"iconbox \">\n                            <div class=\"iconbox-image\">\n                                <img src='https:\/\/www.mesutronic.de\/wp-content\/uploads\/2021\/09\/zuverleassig.svg' alt='' title='zuverleassig'   itemprop=\"image\" itemscope=\"itemscope\" itemtype=\"https:\/\/schema.org\/ImageObject\"  \/>\n                            <\/div>\n                            <div class=\"iconbox-content\">\n                                <div class=\"iconbox-title\">\n                                    <h3>fiable <\/h3>\n                                <\/div>\n                                <div class=\"iconbox-description\">\n                                    \ndans le processus et la d\u00e9tection<br \/>\n\n                                <\/div>\n                            <\/div>\n                        <\/article>\n                    <\/div>\n<div class=\"swiper-slide to-animation\" id=\"av-lj3y6xpd-2\">\n                        <article class=\"iconbox \">\n                            <div class=\"iconbox-image\">\n                                <img src='https:\/\/www.mesutronic.de\/wp-content\/uploads\/2021\/09\/konform.svg' alt='' title='konform'   itemprop=\"image\" itemscope=\"itemscope\" itemtype=\"https:\/\/schema.org\/ImageObject\"  \/>\n                            <\/div>\n                            <div class=\"iconbox-content\">\n                                <div class=\"iconbox-title\">\n                                    <h3>Conforme<\/h3>\n                                <\/div>\n                                <div class=\"iconbox-description\">\n                                    \ndans la conception et la gestion des donn\u00e9es<br \/>\n\n                                <\/div>\n                            <\/div>\n                        <\/article>\n                    <\/div>\n\n                            <\/div>\n                            \n                        <\/div>\n                    <\/div><\/div>\n\n","protected":false},"excerpt":{"rendered":"","protected":false},"author":15,"featured_media":11693,"parent":38819,"menu_order":2,"comment_status":"closed","ping_status":"closed","template":"","meta":{"footnotes":""},"class_list":["post-38669","page","type-page","status-publish","has-post-thumbnail","hentry"],"_links":{"self":[{"href":"https:\/\/www.mesutronic.de\/fr\/wp-json\/wp\/v2\/pages\/38669","targetHints":{"allow":["GET"]}}],"collection":[{"href":"https:\/\/www.mesutronic.de\/fr\/wp-json\/wp\/v2\/pages"}],"about":[{"href":"https:\/\/www.mesutronic.de\/fr\/wp-json\/wp\/v2\/types\/page"}],"author":[{"embeddable":true,"href":"https:\/\/www.mesutronic.de\/fr\/wp-json\/wp\/v2\/users\/15"}],"replies":[{"embeddable":true,"href":"https:\/\/www.mesutronic.de\/fr\/wp-json\/wp\/v2\/comments?post=38669"}],"version-history":[{"count":0,"href":"https:\/\/www.mesutronic.de\/fr\/wp-json\/wp\/v2\/pages\/38669\/revisions"}],"up":[{"embeddable":true,"href":"https:\/\/www.mesutronic.de\/fr\/wp-json\/wp\/v2\/pages\/38819"}],"wp:featuredmedia":[{"embeddable":true,"href":"https:\/\/www.mesutronic.de\/fr\/wp-json\/wp\/v2\/media\/11693"}],"wp:attachment":[{"href":"https:\/\/www.mesutronic.de\/fr\/wp-json\/wp\/v2\/media?parent=38669"}],"curies":[{"name":"wp","href":"https:\/\/api.w.org\/{rel}","templated":true}]}}