{"id":21177,"date":"2023-10-18T15:16:34","date_gmt":"2023-10-18T13:16:34","guid":{"rendered":"https:\/\/www.mesutronic.de\/newsletter-abmeldung\/"},"modified":"2025-01-23T13:11:52","modified_gmt":"2025-01-23T11:11:52","slug":"newsletter-desabonner","status":"publish","type":"page","link":"https:\/\/www.mesutronic.de\/fr\/newsletter-desabonner\/","title":{"rendered":"Newsletter D\u00e9sabonner"},"content":{"rendered":"\n<style type=\"text\/css\" data-created_by=\"avia_inline_auto\" id=\"style-css-av-ll3umvf7-64c6003d0760c658d537c57942d79388\">\n.avia-section.av-ll3umvf7-64c6003d0760c658d537c57942d79388{\nbackground-repeat:no-repeat;\nbackground-image:url(https:\/\/www.mesutronic.de\/wp-content\/uploads\/2023\/08\/header-newsletter.jpg);\nbackground-position:50% 100%;\nbackground-attachment:scroll;\n}\n<\/style>\n<div id='av_section_1'  class='avia-section av-ll3umvf7-64c6003d0760c658d537c57942d79388 main_color avia-section-huge avia-no-border-styling  avia-builder-el-0  el_before_av_section  avia-builder-el-first  with-mask overlay avia-bg-style-scroll container_wrap fullsize'  data-section-bg-repeat='no-repeat'><div class='container av-section-cont-open' ><main  role=\"main\" itemprop=\"mainContentOfPage\"  class='template-page content  av-content-full alpha units'><div class='post-entry post-entry-type-page post-entry-21177'><div class='entry-content-wrapper clearfix'>\n\n<style type=\"text\/css\" data-created_by=\"avia_inline_auto\" id=\"style-css-av-2cfoei-787a11b2ce9bbcb20a885917b329da2e\">\n#top .flex_column.av-2cfoei-787a11b2ce9bbcb20a885917b329da2e{\nmargin-top:100px;\nmargin-bottom:100px;\n}\n.responsive #top #wrap_all .flex_column.av-2cfoei-787a11b2ce9bbcb20a885917b329da2e{\nmargin-top:100px;\nmargin-bottom:100px;\n}\n<\/style>\n<div  class='flex_column av-2cfoei-787a11b2ce9bbcb20a885917b329da2e av_three_fourth  avia-builder-el-1  avia-builder-el-no-sibling  first flex_column_div  '     ><style type=\"text\/css\" data-created_by=\"avia_inline_auto\" id=\"style-css-av-ll3umhsr-4bdc464eb54a97bb00a2e5cb22ce89a9\">\n#top .av_textblock_section.av-ll3umhsr-4bdc464eb54a97bb00a2e5cb22ce89a9 .avia_textblock{\ncolor:#ffffff;\n}\n<\/style>\n<section  class='av_textblock_section av-ll3umhsr-4bdc464eb54a97bb00a2e5cb22ce89a9 '   itemscope=\"itemscope\" itemtype=\"https:\/\/schema.org\/CreativeWork\" ><div class='avia_textblock av_inherit_color'  itemprop=\"text\" ><h1>Newsletter D\u00e9sabonner<\/h1>\n<\/div><\/section><\/div><\/div><\/div><\/main><!-- close content main element --><\/div><\/div><div id='av_section_2'  class='avia-section av-1gd9huy-4390a7dcb4d7b409ceac9ab7ac2b4998 main_color avia-section-default avia-no-border-styling  avia-builder-el-3  el_after_av_section  avia-builder-el-last  avia-bg-style-scroll container_wrap fullsize'  ><div class='container av-section-cont-open' ><div class='template-page content  av-content-full alpha units'><div class='post-entry post-entry-type-page post-entry-21177'><div class='entry-content-wrapper clearfix'>\n<div  class='flex_column av-3o07my-94afecd97a5fa2d8e1492797ba1bb63e av_one_full  avia-builder-el-4  el_before_av_one_full  avia-builder-el-first  first flex_column_div  '     ><style type=\"text\/css\" data-created_by=\"avia_inline_auto\" id=\"style-css-av-ll3uiuqq-035d5cf49dd88b945a7ad1ccc2e1197a\">\n#top .av-special-heading.av-ll3uiuqq-035d5cf49dd88b945a7ad1ccc2e1197a{\npadding-bottom:10px;\n}\nbody .av-special-heading.av-ll3uiuqq-035d5cf49dd88b945a7ad1ccc2e1197a .av-special-heading-tag .heading-char{\nfont-size:25px;\n}\n.av-special-heading.av-ll3uiuqq-035d5cf49dd88b945a7ad1ccc2e1197a .av-subheading{\nfont-size:15px;\n}\n<\/style>\n<div  class='av-special-heading av-ll3uiuqq-035d5cf49dd88b945a7ad1ccc2e1197a av-special-heading-h2 blockquote modern-quote  avia-builder-el-5  avia-builder-el-no-sibling '><div class='av-subheading av-subheading_above'><p>Mesutronic<\/p>\n<\/div><h2 class='av-special-heading-tag '  itemprop=\"headline\"  >Newsletter D\u00e9sabonner<\/h2><div class=\"special-heading-border\"><div class=\"special-heading-inner-border\"><\/div><\/div><\/div><\/div>\n<style type=\"text\/css\" data-created_by=\"avia_inline_auto\" id=\"style-css-av-kuu5t6-2052370f743d901aaeed6b822730f3ed\">\n.avia_transform .flex_column.av-kuu5t6-2052370f743d901aaeed6b822730f3ed{\nanimation-duration:1.5s;\n}\n<\/style>\n<div  class='flex_column av-kuu5t6-2052370f743d901aaeed6b822730f3ed av_one_full  avia-builder-el-6  el_after_av_one_full  avia-builder-el-last  first flex_column_div av-animated-generic fade-in-left  column-top-margin'     ><section  class='av_textblock_section av-ll3ujexk-339298a40ed8c0ecd9c7ddaa6e59bb38 '   itemscope=\"itemscope\" itemtype=\"https:\/\/schema.org\/CreativeWork\" ><div class='avia_textblock'  itemprop=\"text\" ><h3 style=\"text-align: left;\">Nous sommes d\u00e9sol\u00e9s que vous ne souhaitiez plus recevoir notre newsletter.<br \/>\nVotre adresse e-mail a \u00e9t\u00e9 supprim\u00e9e de notre liste de diffusion.<\/h3>\n<\/div><\/section><\/div>\n<\/p>\n","protected":false},"excerpt":{"rendered":"","protected":false},"author":15,"featured_media":0,"parent":0,"menu_order":0,"comment_status":"closed","ping_status":"closed","template":"","meta":{"footnotes":""},"class_list":["post-21177","page","type-page","status-publish","hentry"],"_links":{"self":[{"href":"https:\/\/www.mesutronic.de\/fr\/wp-json\/wp\/v2\/pages\/21177","targetHints":{"allow":["GET"]}}],"collection":[{"href":"https:\/\/www.mesutronic.de\/fr\/wp-json\/wp\/v2\/pages"}],"about":[{"href":"https:\/\/www.mesutronic.de\/fr\/wp-json\/wp\/v2\/types\/page"}],"author":[{"embeddable":true,"href":"https:\/\/www.mesutronic.de\/fr\/wp-json\/wp\/v2\/users\/15"}],"replies":[{"embeddable":true,"href":"https:\/\/www.mesutronic.de\/fr\/wp-json\/wp\/v2\/comments?post=21177"}],"version-history":[{"count":0,"href":"https:\/\/www.mesutronic.de\/fr\/wp-json\/wp\/v2\/pages\/21177\/revisions"}],"wp:attachment":[{"href":"https:\/\/www.mesutronic.de\/fr\/wp-json\/wp\/v2\/media?parent=21177"}],"curies":[{"name":"wp","href":"https:\/\/api.w.org\/{rel}","templated":true}]}}