{"id":16220,"date":"2023-08-01T11:57:34","date_gmt":"2023-08-01T09:57:34","guid":{"rendered":"https:\/\/mesutronic-old.lautundklar.dev\/mentions-legales\/"},"modified":"2025-01-23T13:15:43","modified_gmt":"2025-01-23T11:15:43","slug":"mentions-legales","status":"publish","type":"page","link":"https:\/\/www.mesutronic.de\/fr\/mentions-legales\/","title":{"rendered":"Mentions l\u00e9gales"},"content":{"rendered":"<div  class='flex_column av-qrmb77-1bac09b55c66cd24561ceab7355cee27 av_one_full  avia-builder-el-0  el_before_av_one_full  avia-builder-el-first  first flex_column_div  '     ><style type=\"text\/css\" data-created_by=\"avia_inline_auto\" id=\"style-css-av-ljy36w4i-ca24846062629429114f955806bfacbe\">\n#top .av-special-heading.av-ljy36w4i-ca24846062629429114f955806bfacbe{\npadding-bottom:10px;\n}\nbody .av-special-heading.av-ljy36w4i-ca24846062629429114f955806bfacbe .av-special-heading-tag .heading-char{\nfont-size:25px;\n}\n.av-special-heading.av-ljy36w4i-ca24846062629429114f955806bfacbe .av-subheading{\nfont-size:15px;\n}\n<\/style>\n<div  class='av-special-heading av-ljy36w4i-ca24846062629429114f955806bfacbe av-special-heading-h1 blockquote modern-quote  avia-builder-el-1  avia-builder-el-no-sibling '><div class='av-subheading av-subheading_above'><p>Mesutronic<\/p>\n<\/div><h1 class='av-special-heading-tag '  itemprop=\"headline\"  >Mentions l\u00e9gales<\/h1><div class=\"special-heading-border\"><div class=\"special-heading-inner-border\"><\/div><\/div><\/div><\/div>\n<div  class='flex_column av-nbs5df-54fd4527356f5f9f042f18c1f48302a1 av_one_full  avia-builder-el-2  el_after_av_one_full  avia-builder-el-last  first flex_column_div  column-top-margin'     ><section  class='av_textblock_section av-ljy30q5m-1e44437705d13ab7c1b4fa611d2890ee '   itemscope=\"itemscope\" itemtype=\"https:\/\/schema.org\/CreativeWork\" ><div class='avia_textblock'  itemprop=\"text\" ><p><strong>Mesutronic GmbH<\/strong><\/p>\n<p>Hackenfeld 13<br \/>\n94259 Kirchberg im Wald<br \/>\nAllemagne<\/p>\n<p>+49 9927 9410 0<br \/>\n<a href=\"mailto:admin@mesutronic.de\">admin@mesutronic.de<\/a><\/p>\n<p>Directeur: Christian Boxleitner<br \/>\nRegistre de commerce: Tribunal d\u2019instance de Deggendorf HRB 1628<br \/>\nNum\u00e9ro fiscal: 162\/132\/30062<br \/>\nN\u00b0 de TVA: DE 152934951<\/p>\n<h4>Utilisation de nos services en ligne<\/h4>\n<p>Mesutronic GmbH d\u00e9cline toute responsabilit\u00e9 quant \u00e0 la disponibilit\u00e9 technique, l\u2019actualisation, l\u2019exactitude, l\u2019exhaustivit\u00e9 et la qualit\u00e9 de l\u2019information mise \u00e0 disposition dans le cadre de ce site Internet. Toutes les informations ont \u00e9t\u00e9 soigneusement v\u00e9rifi\u00e9es et sont bas\u00e9es sur une situation donn\u00e9e \u00e0 une date donn\u00e9e. Notre offre est constamment \u00e9largie et modifi\u00e9e. Pour obtenir le dernier contenu cliquez sur \u201cActualiser\u201d dans votre navigateur et videz la m\u00e9moire cache si n\u00e9cessaire. L\u2019exactitude de tous les liens vers des fournisseurs externes a \u00e9t\u00e9 contr\u00f4l\u00e9e au moment de leur int\u00e9gration. Internet \u00e9tant en constante \u00e9volution, Mesutronic GmbH ne peut pas garantir que ces liens seront encore op\u00e9rationnels au moment de la visite ou auront encore le m\u00eame contenu que lors de leur int\u00e9gration. Mesutronic GmbH se r\u00e9serve express\u00e9ment le droit de modifier, compl\u00e9ter ou supprimer sans pr\u00e9avis tout ou partie du contenu de son site, ou de suspendre la mise en ligne temporairement ou d\u00e9finitivement.<\/p>\n<h4>Exclusion de responsabilit\u00e9<\/h4>\n<p>Sont express\u00e9ment exclues, les responsabilit\u00e9s pour des dommages mat\u00e9riels ou immat\u00e9riels r\u00e9sultant de l\u2019utilisation ou la non utilisation de l\u2019information propos\u00e9e, ou encore r\u00e9sultant de l\u2019utilisation d\u2019informations erron\u00e9es ou incompl\u00e8tes. En aucun cas, nous n\u2019assumons de responsabilit\u00e9 pour les dommages r\u00e9sultant de l\u2019utilisation de l\u2019information publi\u00e9e ou envoy\u00e9e.<\/p>\n<p>Internet fonctionne comme un r\u00e9seau interconnect\u00e9, d\u00e9centralis\u00e9 avec stockage interm\u00e9diaire et transmission de donn\u00e9es temporaires. \u00c0 ce jour, aucune garantie ne peut \u00eatre donn\u00e9e quant aux manipulations, \u00e0 la falsification accidentelle ni quant \u00e0 l\u2019utilisation de donn\u00e9es mises \u00e0 jour (par ex. une ancienne version subsistant dans la m\u00e9moire cache) ni encore quant au trajet de connexion entre fournisseur et utilisateur. Compte tenu de ces restrictions li\u00e9es au syst\u00e8me, nous attirons votre attention sur les points suivants :<\/p>\n<p>Vous obtenez ces informations dans les conditions propres \u00e0 Internet. De ce fait, nous ne pouvons pas garantir l\u2019exactitude des informations ni leur conformit\u00e9 avec les donn\u00e9es d\u2019origine.<\/p>\n<p>Par son arr\u00eat du 12 mai 1998, l\u2019arrondissement judiciaire de Hambourg a d\u00e9cid\u00e9 que le fait de placer un lien implique le partage de responsabilit\u00e9 quant au contenu de la page du site li\u00e9. Selon l\u2019instance judiciaire r\u00e9gionale cette coresponsabilit\u00e9 ne peut \u00eatre \u00e9vit\u00e9e qu\u2019en se distanciant express\u00e9ment de ces contenus. Nous proposons des liens vers d\u2019autres sites sur Internet. Pour tous les liens que nous proposons, les conditions suivantes sont d\u2019application :<\/p>\n<p>Nous insistons sur le fait que nous avons aucune influence sur le contenu ou la conception de ces pages li\u00e9es. De ce fait, nous nous distan\u00e7ons express\u00e9ment du contenu \u2013 quel qu\u2019il soit \u2013 de toutes les pages li\u00e9es \u00e0 nos propres pages. Nous ne nous approprions en aucun cas le contenu de ces pages. Cette d\u00e9claration vaut pour tous les liens apparaissant dans nos pages et le contenu de toutes les pages auxquelles les liens conduisent. Cette d\u00e9claration vaut aussi pour tous le contenu des pages auxquelles conduisent les banni\u00e8res ainsi que les liens apparaissant dans les pages li\u00e9es.<\/p>\n<p>Les termes et conditions ci-dessus et les exclusions de responsabilit\u00e9 qu\u2019ils contiennent font partie int\u00e9grante de la pr\u00e9sence sur Internet de Mesutronic GmbH. Elles gardent leur validit\u00e9, sans limitation, dans les cas o\u00f9 le site Internet de Mesutronic GmbH est r\u00e9f\u00e9renc\u00e9 par un tiers.<\/p>\n<p>Si une partie de ces conditions d\u2019utilisation ou de l\u2019exclusion de responsabilit\u00e9 devait s\u2019av\u00e9rer ne pas respecter la l\u00e9gislation en vigueur, ne plus la respecter ou seulement partiellement, ce fait n\u2019aura aucune incidence sur la validit\u00e9 des autres parties de ces conditions et exclusion de responsabilit\u00e9.<\/p>\n<h4>Droits d\u2019auteur, marques et sigles<\/h4>\n<p>Le contenu et la pr\u00e9sentation de ce site sont prot\u00e9g\u00e9s. En particulier, le stockage et la reproduction des images et\/ou graphismes apparaissant ici sont interdits conform\u00e9ment \u00e0 la l\u00e9gislation sur les droits d\u2019auteur. Les pages ne peuvent \u00eatre modifi\u00e9es, copi\u00e9es, distribu\u00e9es ou utilis\u00e9es pour la reproduction publique. Toute utilisation commerciale n\u00e9cessite l\u2019approbation \u00e9crite pr\u00e9alable de Mesutronic GmbH. Le logo de Mesutronic GmbH ne peut \u00eatre utilis\u00e9 par des tiers qu\u2019apr\u00e8s approbation \u00e9crite de Mesutronic GmbH. Dans la mesure o\u00f9 le site internet de Mesutronic GmbH contient des marques prot\u00e9g\u00e9es ou d\u2019autres marques, celles-ci sont soumises sans limitation aux dispositions l\u00e9gales sur les marques respectives ainsi que aux droits de propri\u00e9t\u00e9 des titulaires des droit d\u2019auteurs et des marques.<\/p>\n<h4>S\u00e9curit\u00e9 des e-mails<\/h4>\n<p>Si vous nous envoyez un e-mail, votre adresse e-mail ne sera utilis\u00e9e que pour la correspondance avec vous. Aucune information sensible ne doit \u00eatre envoy\u00e9e par e-mail, compte tenu des risques connus.<\/p>\n<\/div><\/section><\/div>\n","protected":false},"excerpt":{"rendered":"","protected":false},"author":15,"featured_media":0,"parent":0,"menu_order":0,"comment_status":"closed","ping_status":"closed","template":"","meta":{"footnotes":""},"class_list":["post-16220","page","type-page","status-publish","hentry"],"_links":{"self":[{"href":"https:\/\/www.mesutronic.de\/fr\/wp-json\/wp\/v2\/pages\/16220","targetHints":{"allow":["GET"]}}],"collection":[{"href":"https:\/\/www.mesutronic.de\/fr\/wp-json\/wp\/v2\/pages"}],"about":[{"href":"https:\/\/www.mesutronic.de\/fr\/wp-json\/wp\/v2\/types\/page"}],"author":[{"embeddable":true,"href":"https:\/\/www.mesutronic.de\/fr\/wp-json\/wp\/v2\/users\/15"}],"replies":[{"embeddable":true,"href":"https:\/\/www.mesutronic.de\/fr\/wp-json\/wp\/v2\/comments?post=16220"}],"version-history":[{"count":0,"href":"https:\/\/www.mesutronic.de\/fr\/wp-json\/wp\/v2\/pages\/16220\/revisions"}],"wp:attachment":[{"href":"https:\/\/www.mesutronic.de\/fr\/wp-json\/wp\/v2\/media?parent=16220"}],"curies":[{"name":"wp","href":"https:\/\/api.w.org\/{rel}","templated":true}]}}