{"id":15038,"date":"2023-07-27T15:14:50","date_gmt":"2023-07-27T13:14:50","guid":{"rendered":"https:\/\/mesutronic-old.lautundklar.dev\/nos-avantages\/"},"modified":"2023-07-27T15:22:34","modified_gmt":"2023-07-27T13:22:34","slug":"carriere","status":"publish","type":"page","link":"https:\/\/www.mesutronic.de\/fr\/carriere\/","title":{"rendered":"Carri\u00e8re"},"content":{"rendered":"\n<style type=\"text\/css\" data-created_by=\"avia_inline_auto\" id=\"style-css-av-ljzmre99-2e966664af7ed92e1e218d29059d6124\">\n.avia-section.av-ljzmre99-2e966664af7ed92e1e218d29059d6124{\nbackground-repeat:no-repeat;\nbackground-image:url(https:\/\/www.mesutronic.de\/wp-content\/uploads\/2023\/05\/about-us-e1685459156746.jpg);\nbackground-position:0% 0%;\nbackground-attachment:scroll;\n}\n<\/style>\n<div id='av_section_1'  class='avia-section av-ljzmre99-2e966664af7ed92e1e218d29059d6124 main_color avia-section-huge avia-no-border-styling  avia-builder-el-0  el_before_av_section  avia-builder-el-first  with-mask overlay avia-bg-style-scroll container_wrap fullsize'  data-section-bg-repeat='no-repeat'><div class='container av-section-cont-open' ><main  role=\"main\" itemprop=\"mainContentOfPage\"  class='template-page content  av-content-full alpha units'><div class='post-entry post-entry-type-page post-entry-15038'><div class='entry-content-wrapper clearfix'>\n\n<style type=\"text\/css\" data-created_by=\"avia_inline_auto\" id=\"style-css-av-v686qf-23de8bfdca17514c5329eb3b8b5df85f\">\n#top .flex_column.av-v686qf-23de8bfdca17514c5329eb3b8b5df85f{\nmargin-top:100px;\nmargin-bottom:100px;\n}\n.avia_transform .flex_column.av-v686qf-23de8bfdca17514c5329eb3b8b5df85f{\nanimation-duration:1.5s;\n}\n.responsive #top #wrap_all .flex_column.av-v686qf-23de8bfdca17514c5329eb3b8b5df85f{\nmargin-top:100px;\nmargin-bottom:100px;\n}\n<\/style>\n<div  class='flex_column av-v686qf-23de8bfdca17514c5329eb3b8b5df85f av_two_third  avia-builder-el-1  avia-builder-el-no-sibling  first flex_column_div av-animated-generic fade-in-left  '     ><style type=\"text\/css\" data-created_by=\"avia_inline_auto\" id=\"style-css-av-ljzmr1lp-4fbd851929761f85b46b8062607e33e0\">\n#top .av_textblock_section.av-ljzmr1lp-4fbd851929761f85b46b8062607e33e0 .avia_textblock{\ncolor:#ffffff;\n}\n<\/style>\n<section  class='av_textblock_section av-ljzmr1lp-4fbd851929761f85b46b8062607e33e0 '   itemscope=\"itemscope\" itemtype=\"https:\/\/schema.org\/CreativeWork\" ><div class='avia_textblock av_inherit_color'  itemprop=\"text\" ><h2>Carri\u00e8re<\/h2>\n<\/div><\/section><\/div><\/div><\/div><\/main><!-- close content main element --><\/div><\/div><div id='av_section_2'  class='avia-section av-6k7hx9z-807d5d17952b8dd962ca6e07409d53a9 main_color avia-section-default avia-no-border-styling  avia-builder-el-3  el_after_av_section  avia-builder-el-last  avia-bg-style-scroll container_wrap fullsize'  ><div class='container av-section-cont-open' ><div class='template-page content  av-content-full alpha units'><div class='post-entry post-entry-type-page post-entry-15038'><div class='entry-content-wrapper clearfix'>\n<div  class='flex_column av-62j7z2v-28c77c32a90ea1d8cb4f94137b7e4b03 av_one_full  avia-builder-el-4  el_before_av_one_full  avia-builder-el-first  first flex_column_div  '     ><style type=\"text\/css\" data-created_by=\"avia_inline_auto\" id=\"style-css-av-5k8m9p3-855d09d919623f054244ffe578a3b345\">\n#top .av-special-heading.av-5k8m9p3-855d09d919623f054244ffe578a3b345{\npadding-bottom:10px;\n}\nbody .av-special-heading.av-5k8m9p3-855d09d919623f054244ffe578a3b345 .av-special-heading-tag .heading-char{\nfont-size:25px;\n}\n.av-special-heading.av-5k8m9p3-855d09d919623f054244ffe578a3b345 .av-subheading{\nfont-size:15px;\n}\n<\/style>\n<div  class='av-special-heading av-5k8m9p3-855d09d919623f054244ffe578a3b345 av-special-heading-h1 blockquote modern-quote  avia-builder-el-5  avia-builder-el-no-sibling '><div class='av-subheading av-subheading_above'><p>Mesutronic<\/p>\n<\/div><h1 class='av-special-heading-tag '  itemprop=\"headline\"  >Postes Vacants<\/h1><div class=\"special-heading-border\"><div class=\"special-heading-inner-border\"><\/div><\/div><\/div><\/div>\n<style type=\"text\/css\" data-created_by=\"avia_inline_auto\" id=\"style-css-av-jk1bfb-b21ee5e07269f38074a194ff71cba46c\">\n.avia_transform .flex_column.av-jk1bfb-b21ee5e07269f38074a194ff71cba46c{\nanimation-duration:1.5s;\n}\n<\/style>\n<div  class='flex_column av-jk1bfb-b21ee5e07269f38074a194ff71cba46c av_one_full  avia-builder-el-6  el_after_av_one_full  avia-builder-el-last  first flex_column_div av-animated-generic fade-in-left  column-top-margin'     ><section  class='av_textblock_section av-4t0vclz-1659d237d3f99bbd73af018f677e13b9 '   itemscope=\"itemscope\" itemtype=\"https:\/\/schema.org\/CreativeWork\" ><div class='avia_textblock'  itemprop=\"text\" ><p class=\"p1\">Chez Mesutronic nous r\u00e9unissons non seulement expertise et innovation, mais aussi une \u00e9quipe cr\u00e9ative au service d\u2019une client\u00e8le exigeante. De cette symbiose, naissent les produits les plus performants de notre secteur d\u2019activit\u00e9.<\/p>\n<p class=\"p2\"><span class=\"Apple-converted-space\">\u00a0<\/span>Accepter les d\u00e9fis, partager des valeurs. C\u2019est l\u00e0 notre credo. Fiabilit\u00e9, confiance et engagement sont les valeurs qui forgent notre entreprise. Une relation de partenariat r\u00e9ciproque est aussi importante que la r\u00e9alisation des objectifs de l\u2019entreprise. Notre strat\u00e9gie de croissance raisonn\u00e9e s\u2019av\u00e8re donc payante, non seulement pour l\u2019entreprise et ses clients, mais aussi et surtout pour nos employ\u00e9s. Vous grandissez avec nous, \u00e0 la fois professionnellement et personnellement.<span class=\"Apple-converted-space\">\u00a0<\/span><\/p>\n<p class=\"p3\"><b>NOUS N&rsquo;AVONS ACTUELLEMENT AUCUN POSTE OUVERT<\/b><\/p>\n<p class=\"p2\"><span class=\"Apple-converted-space\">\u00a0<\/span><\/p>\n<\/div><\/section><\/div><\/p>\n","protected":false},"excerpt":{"rendered":"","protected":false},"author":15,"featured_media":0,"parent":0,"menu_order":0,"comment_status":"closed","ping_status":"closed","template":"","meta":{"footnotes":""},"class_list":["post-15038","page","type-page","status-publish","hentry"],"_links":{"self":[{"href":"https:\/\/www.mesutronic.de\/fr\/wp-json\/wp\/v2\/pages\/15038","targetHints":{"allow":["GET"]}}],"collection":[{"href":"https:\/\/www.mesutronic.de\/fr\/wp-json\/wp\/v2\/pages"}],"about":[{"href":"https:\/\/www.mesutronic.de\/fr\/wp-json\/wp\/v2\/types\/page"}],"author":[{"embeddable":true,"href":"https:\/\/www.mesutronic.de\/fr\/wp-json\/wp\/v2\/users\/15"}],"replies":[{"embeddable":true,"href":"https:\/\/www.mesutronic.de\/fr\/wp-json\/wp\/v2\/comments?post=15038"}],"version-history":[{"count":0,"href":"https:\/\/www.mesutronic.de\/fr\/wp-json\/wp\/v2\/pages\/15038\/revisions"}],"wp:attachment":[{"href":"https:\/\/www.mesutronic.de\/fr\/wp-json\/wp\/v2\/media?parent=15038"}],"curies":[{"name":"wp","href":"https:\/\/api.w.org\/{rel}","templated":true}]}}